{"id":1022,"date":"2026-01-23T16:36:23","date_gmt":"2026-01-23T16:36:23","guid":{"rendered":"https:\/\/hectic-studio.com\/shop\/unkategorisiert\/hectic-studio-skeleton-talk-grafik-organic-oversize-hoodie\/"},"modified":"2026-03-12T11:20:09","modified_gmt":"2026-03-12T11:20:09","slug":"hectic-studio-skeleton-talk-grafik-organic-oversize-hoodie","status":"publish","type":"product","link":"https:\/\/hectic-studio.com\/en\/shop\/hoodies\/hectic-studio-skeleton-talk-grafik-organic-oversize-hoodie\/","title":{"rendered":"Hectic Studio Skeleton Talk Grafik &#8211; Organic Oversize Hoodie"},"content":{"rendered":"<p>Erleben Sie die perfekte Fusion aus Kunst und Komfort mit dem <strong>Hectic Studio Skeleton Talk Grafik &#8211; Organic Oversize Hoodie<\/strong>. Dieses einzigartige Kleidungsst\u00fcck vereint die historische Kunst von Jos\u00e9 Guadalupe Posada mit modernem Streetwear-Stil.<\/p>\n<p>&nbsp;<\/p>\n<h2>Design und Stil<\/h2>\n<p>Der Hoodie zeigt ein eindrucksvolles Skelettmotiv, das von Posadas Kunstwerken inspiriert ist. Der kontrastreiche schwarz-wei\u00dfe Druck verleiht dem Hoodie einen zeitlosen, urbanen Look, der sowohl auff\u00e4llig als auch bedeutungsvoll ist.<\/p>\n<p>&nbsp;<\/p>\n<h2>Material und Komfort<\/h2>\n<ul>\n<li>100% Bio-Baumwolle (ringgesponnen, gek\u00e4mmt)<\/li>\n<li>Grammatur: 350 g\/m\u00b2<\/li>\n<li>Oversized Fit f\u00fcr maximalen Komfort<\/li>\n<li>Eingesetzter \u00c4rmel (Set-In) f\u00fcr eine bequeme Passform<\/li>\n<li>Kapuze mit abgesetztem Futter, aus Eigenstoff<\/li>\n<\/ul>\n<p>&nbsp;<\/p>\n<h2>Besondere Details<\/h2>\n<ul>\n<li>Flache gleichfarbige Kordeln<\/li>\n<li>Abgesetzter Halbmond im Nacken, aus Eigenstoff<\/li>\n<li>Doppelabsteppung an allen N\u00e4hten<\/li>\n<li>K\u00e4ngurutasche vorn<\/li>\n<\/ul>\n<p>&nbsp;<\/p>\n<h2>Erleben Sie den Unterschied<\/h2>\n<p>Mit diesem Hoodie tragen Sie nicht nur ein Kleidungsst\u00fcck, sondern auch ein St\u00fcck Kunstgeschichte. Perfekt f\u00fcr alle, die ihren Stil mit einem Hauch von Kultur bereichern m\u00f6chten.<\/p>\n<p>&nbsp;<\/p>\n<p><strong>Jetzt bestellen und Ihr einzigartiges Mode-Statement setzen!<\/strong><\/p>\n<p><img decoding=\"async\" src=\"https:\/\/s3-eu-west-1.amazonaws.com\/printassets\/sizecharts\/size_chart_organic-oversize-hoodie-63-de.svg\" \/><\/p>","protected":false},"excerpt":{"rendered":"<p>Erleben Sie die perfekte Fusion aus Kunst und Komfort mit dem Hectic Studio Skeleton Talk Grafik &#8211; Organic Oversize Hoodie. Dieses einzigartige Kleidungsst\u00fcck vereint die historische Kunst von Jos\u00e9 Guadalupe Posada mit modernem Streetwear-Stil. &nbsp; Design und Stil Der Hoodie zeigt ein eindrucksvolles Skelettmotiv, das von Posadas Kunstwerken inspiriert ist. Der kontrastreiche schwarz-wei\u00dfe Druck verleiht [&hellip;]<\/p>\n","protected":false},"featured_media":1102,"comment_status":"open","ping_status":"closed","template":"","meta":[],"product_brand":[],"product_cat":[60],"product_tag":[166,153,168,165,167,154,164],"class_list":{"0":"post-1022","1":"product","2":"type-product","3":"status-publish","4":"has-post-thumbnail","6":"product_cat-hoodies","7":"product_tag-grafik-design","8":"product_tag-hoodie","9":"product_tag-jose-guadalupe-posada","10":"product_tag-mexicon-art","11":"product_tag-organic","12":"product_tag-oversized","13":"product_tag-skeletons-talking","14":"product_shipping_class-hoodies-versandklasse","16":"first","17":"instock","18":"taxable","19":"shipping-taxable","20":"purchasable","21":"product-type-variable"},"_links":{"self":[{"href":"https:\/\/hectic-studio.com\/en\/wp-json\/wp\/v2\/product\/1022","targetHints":{"allow":["GET"]}}],"collection":[{"href":"https:\/\/hectic-studio.com\/en\/wp-json\/wp\/v2\/product"}],"about":[{"href":"https:\/\/hectic-studio.com\/en\/wp-json\/wp\/v2\/types\/product"}],"replies":[{"embeddable":true,"href":"https:\/\/hectic-studio.com\/en\/wp-json\/wp\/v2\/comments?post=1022"}],"wp:featuredmedia":[{"embeddable":true,"href":"https:\/\/hectic-studio.com\/en\/wp-json\/wp\/v2\/media\/1102"}],"wp:attachment":[{"href":"https:\/\/hectic-studio.com\/en\/wp-json\/wp\/v2\/media?parent=1022"}],"wp:term":[{"taxonomy":"product_brand","embeddable":true,"href":"https:\/\/hectic-studio.com\/en\/wp-json\/wp\/v2\/product_brand?post=1022"},{"taxonomy":"product_cat","embeddable":true,"href":"https:\/\/hectic-studio.com\/en\/wp-json\/wp\/v2\/product_cat?post=1022"},{"taxonomy":"product_tag","embeddable":true,"href":"https:\/\/hectic-studio.com\/en\/wp-json\/wp\/v2\/product_tag?post=1022"}],"curies":[{"name":"wp","href":"https:\/\/api.w.org\/{rel}","templated":true}]}}