{"id":1062,"date":"2026-02-02T14:45:36","date_gmt":"2026-02-02T14:45:36","guid":{"rendered":"https:\/\/hectic-studio.com\/shop\/unkategorisiert\/hectic-studio-skeleton-brids-grafik-fluffy-boxcut-zipper\/"},"modified":"2026-03-12T11:20:09","modified_gmt":"2026-03-12T11:20:09","slug":"hectic-studio-skeleton-brids-grafik-fluffy-boxcut-zipper","status":"publish","type":"product","link":"https:\/\/hectic-studio.com\/en\/shop\/hoodies\/hectic-studio-skeleton-brids-grafik-fluffy-boxcut-zipper\/","title":{"rendered":"Hectic Studio Skeleton &amp; Birds Grafik &#8211; Fluffy Boxcut Zipper"},"content":{"rendered":"<p>Erlebe den Komfort und die Kunst des <strong>Hectic Studio Skeleton &amp; Birds Grafik &#8211; Fluffy Boxcut Zipper<\/strong>. Dieses Sweatshirt ist mehr als nur ein Kleidungsst\u00fcck \u2013 es ist eine Aussage. Inspiriert von der Kunst von Jos\u00e9 Guadalupe Posada, vereint es den Charme des Skurrilen mit der W\u00e4rme eines gem\u00fctlichen Hoodies.<\/p>\n<p>&nbsp;<\/p>\n<p><strong>Design und Farben<\/strong><br \/>\nDas Design zeigt eine fesselnde Kombination aus Skeletten und V\u00f6geln, die Leben und Verg\u00e4nglichkeit symbolisieren. Die kontrastreichen Schwarz-Wei\u00df-T\u00f6ne verst\u00e4rken die emotionale Tiefe und schaffen ein gewagtes, k\u00fcnstlerisches Statement.<\/p>\n<p>&nbsp;<\/p>\n<p><strong>Material und Schnitt<\/strong><br \/>\nHergestellt aus 70% Baumwolle und 30% Polyester bietet dieser Zipper mit einer Grammatur von 330 g\/m\u00b2 ein angenehmes, weiches Tragegef\u00fchl. Der Oversize Fit mit \u00fcberschnittenen Schultern sorgt f\u00fcr l\u00e4ssigen Komfort.<\/p>\n<p>&nbsp;<\/p>\n<p><strong>Praktische Details<\/strong><br \/>\nDie aufgesetzte K\u00e4ngurutasche und der Metall-Rei\u00dfverschluss bieten Funktionalit\u00e4t, w\u00e4hrend die Ripp-B\u00fcndchen an Saum- und \u00c4rmelsaum f\u00fcr eine perfekte Passform sorgen.<\/p>\n<p>&nbsp;<\/p>\n<p><strong>Empfehlung<\/strong><br \/>\nDa der Zipper klein ausf\u00e4llt, empfehlen wir, eine Nummer gr\u00f6\u00dfer zu bestellen, um den gew\u00fcnschten Komfort zu gew\u00e4hrleisten.<\/p>\n<p>&nbsp;<\/p>\n<p>Entdecke die perfekte Kombination aus Kunst und Komfort \u2013 hol dir dein neues Lieblingsst\u00fcck!<\/p>\n<p><img decoding=\"async\" src=\"https:\/\/s3-eu-west-1.amazonaws.com\/printassets\/sizecharts\/size_chart_fluffy-boxcut-zipper-450-de.svg\" \/><\/p>","protected":false},"excerpt":{"rendered":"<p>Erlebe den Komfort und die Kunst des Hectic Studio Skeleton &amp; Birds Grafik &#8211; Fluffy Boxcut Zipper. Dieses Sweatshirt ist mehr als nur ein Kleidungsst\u00fcck \u2013 es ist eine Aussage. Inspiriert von der Kunst von Jos\u00e9 Guadalupe Posada, vereint es den Charme des Skurrilen mit der W\u00e4rme eines gem\u00fctlichen Hoodies. &nbsp; Design und Farben Das [&hellip;]<\/p>\n","protected":false},"featured_media":1100,"comment_status":"open","ping_status":"closed","template":"","meta":[],"product_brand":[],"product_cat":[60],"product_tag":[174,171,153,168,173,175,170,172,155,169],"class_list":{"0":"post-1062","1":"product","2":"type-product","3":"status-publish","4":"has-post-thumbnail","6":"product_cat-hoodies","7":"product_tag-boxcut","8":"product_tag-fish","9":"product_tag-hoodie","10":"product_tag-jose-guadalupe-posada","11":"product_tag-mexican-art","12":"product_tag-oversize","13":"product_tag-reissverschluss","14":"product_tag-skelett","15":"product_tag-typo","16":"product_tag-zipper","17":"product_shipping_class-hoodies-versandklasse","19":"first","20":"instock","21":"taxable","22":"shipping-taxable","23":"purchasable","24":"product-type-variable"},"_links":{"self":[{"href":"https:\/\/hectic-studio.com\/en\/wp-json\/wp\/v2\/product\/1062","targetHints":{"allow":["GET"]}}],"collection":[{"href":"https:\/\/hectic-studio.com\/en\/wp-json\/wp\/v2\/product"}],"about":[{"href":"https:\/\/hectic-studio.com\/en\/wp-json\/wp\/v2\/types\/product"}],"replies":[{"embeddable":true,"href":"https:\/\/hectic-studio.com\/en\/wp-json\/wp\/v2\/comments?post=1062"}],"wp:featuredmedia":[{"embeddable":true,"href":"https:\/\/hectic-studio.com\/en\/wp-json\/wp\/v2\/media\/1100"}],"wp:attachment":[{"href":"https:\/\/hectic-studio.com\/en\/wp-json\/wp\/v2\/media?parent=1062"}],"wp:term":[{"taxonomy":"product_brand","embeddable":true,"href":"https:\/\/hectic-studio.com\/en\/wp-json\/wp\/v2\/product_brand?post=1062"},{"taxonomy":"product_cat","embeddable":true,"href":"https:\/\/hectic-studio.com\/en\/wp-json\/wp\/v2\/product_cat?post=1062"},{"taxonomy":"product_tag","embeddable":true,"href":"https:\/\/hectic-studio.com\/en\/wp-json\/wp\/v2\/product_tag?post=1062"}],"curies":[{"name":"wp","href":"https:\/\/api.w.org\/{rel}","templated":true}]}}