{"id":1075,"date":"2026-02-03T16:02:12","date_gmt":"2026-02-03T16:02:12","guid":{"rendered":"https:\/\/hectic-studio.com\/shop\/unkategorisiert\/japanisches-geisha-kanji-motiv-fluffy-boxcut-hoodie\/"},"modified":"2026-03-12T11:20:02","modified_gmt":"2026-03-12T11:20:02","slug":"japanisches-geisha-kanji-motiv-fluffy-boxcut-hoodie","status":"publish","type":"product","link":"https:\/\/hectic-studio.com\/en\/shop\/hoodies\/japanisches-geisha-kanji-motiv-fluffy-boxcut-hoodie\/","title":{"rendered":"Japanisches Geisha Kanji Motiv  &#8211; Fluffy Boxcut Hoodie"},"content":{"rendered":"<p>Die atemberaubende Geisha und die kunstvollen japanischen Schriftzeichen machen dich zum Hingucker. Dieses T-Shirt ist der perfekte Begleiter f\u00fcr alle, die die japanische Kultur lieben und dabei stylisch unterwegs sein wollen. Ein Must-have f\u00fcr alle Japan-Fans!<\/p>\n<ul>\n<li>Material: 70% Baumwolle \/ 30% Polyester<\/li>\n<li>Grammatur: 330 g\/m\u00b2<\/li>\n<li>Schnitt: Oversize Fit (Weite Passform)<\/li>\n<li>\u00dcberschnittene Schultern<\/li>\n<li>Aufgesetzte K\u00e4ngurutasche<\/li>\n<li>Ripp-B\u00fcndchen an Saum- und \u00c4rmelsaum<\/li>\n<li>Hinweis: F\u00e4llt klein aus \u2013 ggf. gr\u00f6\u00dfer bestellen<\/li>\n<\/ul>\n<p><img decoding=\"async\" src=\"https:\/\/s3-eu-west-1.amazonaws.com\/printassets\/sizecharts\/size_chart_fluffy-boxcut-hoodie-449-de.svg\" \/><\/p>","protected":false},"excerpt":{"rendered":"<p>Die atemberaubende Geisha und die kunstvollen japanischen Schriftzeichen machen dich zum Hingucker. Dieses T-Shirt ist der perfekte Begleiter f\u00fcr alle, die die japanische Kultur lieben und dabei stylisch unterwegs sein wollen. Ein Must-have f\u00fcr alle Japan-Fans! Material: 70% Baumwolle \/ 30% Polyester Grammatur: 330 g\/m\u00b2 Schnitt: Oversize Fit (Weite Passform) \u00dcberschnittene Schultern Aufgesetzte K\u00e4ngurutasche Ripp-B\u00fcndchen [&hellip;]<\/p>\n","protected":false},"featured_media":1469,"comment_status":"open","ping_status":"closed","template":"","meta":[],"product_brand":[],"product_cat":[60],"product_tag":[174,178,102,101,88,177],"class_list":{"0":"post-1075","1":"product","2":"type-product","3":"status-publish","4":"has-post-thumbnail","6":"product_cat-hoodies","7":"product_tag-boxcut","8":"product_tag-fluffy","9":"product_tag-geisha","10":"product_tag-japan","11":"product_tag-japan-tokyo-style","12":"product_tag-kanji-motive","13":"product_shipping_class-hoodies-versandklasse","15":"first","16":"instock","17":"taxable","18":"shipping-taxable","19":"purchasable","20":"product-type-variable"},"_links":{"self":[{"href":"https:\/\/hectic-studio.com\/en\/wp-json\/wp\/v2\/product\/1075","targetHints":{"allow":["GET"]}}],"collection":[{"href":"https:\/\/hectic-studio.com\/en\/wp-json\/wp\/v2\/product"}],"about":[{"href":"https:\/\/hectic-studio.com\/en\/wp-json\/wp\/v2\/types\/product"}],"replies":[{"embeddable":true,"href":"https:\/\/hectic-studio.com\/en\/wp-json\/wp\/v2\/comments?post=1075"}],"wp:featuredmedia":[{"embeddable":true,"href":"https:\/\/hectic-studio.com\/en\/wp-json\/wp\/v2\/media\/1469"}],"wp:attachment":[{"href":"https:\/\/hectic-studio.com\/en\/wp-json\/wp\/v2\/media?parent=1075"}],"wp:term":[{"taxonomy":"product_brand","embeddable":true,"href":"https:\/\/hectic-studio.com\/en\/wp-json\/wp\/v2\/product_brand?post=1075"},{"taxonomy":"product_cat","embeddable":true,"href":"https:\/\/hectic-studio.com\/en\/wp-json\/wp\/v2\/product_cat?post=1075"},{"taxonomy":"product_tag","embeddable":true,"href":"https:\/\/hectic-studio.com\/en\/wp-json\/wp\/v2\/product_tag?post=1075"}],"curies":[{"name":"wp","href":"https:\/\/api.w.org\/{rel}","templated":true}]}}