{"id":121,"date":"2025-04-10T20:58:48","date_gmt":"2025-04-10T20:58:48","guid":{"rendered":"https:\/\/hectic-studio.com\/shop\/unkategorisiert\/japanisches-geisha-kanji-motiv-heavy-oversized-organic-shirt\/"},"modified":"2026-03-04T13:06:10","modified_gmt":"2026-03-04T13:06:10","slug":"japanisches-geisha-kanji-motiv-heavy-oversized-organic-shirt","status":"publish","type":"product","link":"https:\/\/hectic-studio.com\/en\/shop\/oversized-shirts\/japan-shirts\/japanisches-geisha-kanji-motiv-heavy-oversized-organic-shirt\/","title":{"rendered":"Japanisches Geisha Kanji Motiv  &#8211; Heavy Oversized Organic\u00a0Shirt"},"content":{"rendered":"<p>Die atemberaubende Geisha und die kunstvollen japanischen Schriftzeichen machen dich zum Hingucker. Dieses T-Shirt ist der perfekte Begleiter f\u00fcr alle, die die japanische Kultur lieben und dabei stylisch unterwegs sein wollen. Ein Must-have f\u00fcr alle Japan-Fans!<\/p>\n<ul>\n<li>Material: 100 % Baumwolle (Bio-Qualit\u00e4t, ringgesponnen, gek\u00e4mmt)<\/li>\n<li>Grammatur: 240 g\/m\u00b2<\/li>\n<li>Schnitt: Oversize Passform<\/li>\n<li>Eingesetzte \u00c4rmel (Set in)<\/li>\n<li>1&#215;1 Halsausschnitt<\/li>\n<li>Abgesetztes Nackenband<\/li>\n<li>Breite Doppelabsteppung an \u00c4rmelenden und am unteren Saum<\/li>\n<li>Etwas rauerer Stoff<\/li>\n<\/ul>\n<p><img decoding=\"async\" src=\"https:\/\/s3-eu-west-1.amazonaws.com\/printassets\/sizecharts\/size_chart_heavy_oversized_organic_shirt-167-de.svg\" \/><\/p>","protected":false},"excerpt":{"rendered":"<p>Die atemberaubende Geisha und die kunstvollen japanischen Schriftzeichen machen dich zum Hingucker. Dieses T-Shirt ist der perfekte Begleiter f\u00fcr alle, die die japanische Kultur lieben und dabei stylisch unterwegs sein wollen. Ein Must-have f\u00fcr alle Japan-Fans! Material: 100 % Baumwolle (Bio-Qualit\u00e4t, ringgesponnen, gek\u00e4mmt) Grammatur: 240 g\/m\u00b2 Schnitt: Oversize Passform Eingesetzte \u00c4rmel (Set in) 1&#215;1 Halsausschnitt [&hellip;]<\/p>\n","protected":false},"featured_media":1456,"comment_status":"open","ping_status":"closed","template":"","meta":[],"product_brand":[],"product_cat":[63,59],"product_tag":[102,101,103,66,76,104],"class_list":{"0":"post-121","1":"product","2":"type-product","3":"status-publish","4":"has-post-thumbnail","6":"product_cat-japan-shirts","7":"product_cat-oversized-shirts","8":"product_tag-geisha","9":"product_tag-japan","10":"product_tag-kanji","11":"product_tag-oversized-shirt","12":"product_tag-retro-design-shirt","13":"product_tag-tokyo-style","15":"first","16":"instock","17":"taxable","18":"shipping-taxable","19":"purchasable","20":"product-type-variable"},"_links":{"self":[{"href":"https:\/\/hectic-studio.com\/en\/wp-json\/wp\/v2\/product\/121","targetHints":{"allow":["GET"]}}],"collection":[{"href":"https:\/\/hectic-studio.com\/en\/wp-json\/wp\/v2\/product"}],"about":[{"href":"https:\/\/hectic-studio.com\/en\/wp-json\/wp\/v2\/types\/product"}],"replies":[{"embeddable":true,"href":"https:\/\/hectic-studio.com\/en\/wp-json\/wp\/v2\/comments?post=121"}],"wp:featuredmedia":[{"embeddable":true,"href":"https:\/\/hectic-studio.com\/en\/wp-json\/wp\/v2\/media\/1456"}],"wp:attachment":[{"href":"https:\/\/hectic-studio.com\/en\/wp-json\/wp\/v2\/media?parent=121"}],"wp:term":[{"taxonomy":"product_brand","embeddable":true,"href":"https:\/\/hectic-studio.com\/en\/wp-json\/wp\/v2\/product_brand?post=121"},{"taxonomy":"product_cat","embeddable":true,"href":"https:\/\/hectic-studio.com\/en\/wp-json\/wp\/v2\/product_cat?post=121"},{"taxonomy":"product_tag","embeddable":true,"href":"https:\/\/hectic-studio.com\/en\/wp-json\/wp\/v2\/product_tag?post=121"}],"curies":[{"name":"wp","href":"https:\/\/api.w.org\/{rel}","templated":true}]}}