{"id":314,"date":"2025-04-10T21:01:16","date_gmt":"2025-04-10T21:01:16","guid":{"rendered":"https:\/\/hectic-studio.com\/shop\/unkategorisiert\/fresh-milk-dairy-club-heavy-oversized-organic-shirt\/"},"modified":"2026-03-04T12:33:45","modified_gmt":"2026-03-04T12:33:45","slug":"fresh-milk-dairy-club-heavy-oversized-organic-shirt","status":"publish","type":"product","link":"https:\/\/hectic-studio.com\/en\/shop\/oversized-shirts\/retro-shirts\/fresh-milk-dairy-club-heavy-oversized-organic-shirt\/","title":{"rendered":"Fresh Milk &#8211; Dairy Club &#8211; Heavy Oversized Organic\u00a0Shirt"},"content":{"rendered":"<div>\n<p>Werden Sie Mitglied im Club der Frischmilch-Molkereien<\/p>\n<p>&#8222;Fresh from our cows to your table, our milk is nature&#8217;s perfect refreshment. Whether it\u2019s poured over cereal, or enjoyed by the glass, always farm-fresh and full of flavor. Taste the difference of dairy done right.&#8220;<\/p>\n<p>Unisex-Gr\u00f6\u00dfen<\/p>\n<\/div>\n<ul>\n<li>Material: 100 % Baumwolle (Bio-Qualit\u00e4t, ringgesponnen, gek\u00e4mmt)<\/li>\n<li>Grammatur: 240 g\/m\u00b2<\/li>\n<li>Schnitt: Oversize Passform<\/li>\n<li>Eingesetzte \u00c4rmel (Set in)<\/li>\n<li>1&#215;1 Halsausschnitt<\/li>\n<li>Abgesetztes Nackenband<\/li>\n<li>Breite Doppelabsteppung an \u00c4rmelenden und am unteren Saum<\/li>\n<li>Etwas rauerer Stoff<\/li>\n<\/ul>\n<p><img decoding=\"async\" src=\"https:\/\/s3-eu-west-1.amazonaws.com\/printassets\/sizecharts\/size_chart_heavy_oversized_organic_shirt-167-de.svg\" \/><\/p>","protected":false},"excerpt":{"rendered":"<p>Werden Sie Mitglied im Club der Frischmilch-Molkereien &#8222;Fresh from our cows to your table, our milk is nature&#8217;s perfect refreshment. Whether it\u2019s poured over cereal, or enjoyed by the glass, always farm-fresh and full of flavor. Taste the difference of dairy done right.&#8220; Unisex-Gr\u00f6\u00dfen Material: 100 % Baumwolle (Bio-Qualit\u00e4t, ringgesponnen, gek\u00e4mmt) Grammatur: 240 g\/m\u00b2 Schnitt: [&hellip;]<\/p>\n","protected":false},"featured_media":1628,"comment_status":"open","ping_status":"closed","template":"","meta":[],"product_brand":[],"product_cat":[59,61],"product_tag":[79,77,78,66,76],"class_list":{"0":"post-314","1":"product","2":"type-product","3":"status-publish","4":"has-post-thumbnail","6":"product_cat-oversized-shirts","7":"product_cat-retro-shirts","8":"product_tag-dairy-club","9":"product_tag-fresh-milk","10":"product_tag-frischmilch-molkereien","11":"product_tag-oversized-shirt","12":"product_tag-retro-design-shirt","14":"first","15":"instock","16":"featured","17":"taxable","18":"shipping-taxable","19":"purchasable","20":"product-type-variable"},"_links":{"self":[{"href":"https:\/\/hectic-studio.com\/en\/wp-json\/wp\/v2\/product\/314","targetHints":{"allow":["GET"]}}],"collection":[{"href":"https:\/\/hectic-studio.com\/en\/wp-json\/wp\/v2\/product"}],"about":[{"href":"https:\/\/hectic-studio.com\/en\/wp-json\/wp\/v2\/types\/product"}],"replies":[{"embeddable":true,"href":"https:\/\/hectic-studio.com\/en\/wp-json\/wp\/v2\/comments?post=314"}],"wp:featuredmedia":[{"embeddable":true,"href":"https:\/\/hectic-studio.com\/en\/wp-json\/wp\/v2\/media\/1628"}],"wp:attachment":[{"href":"https:\/\/hectic-studio.com\/en\/wp-json\/wp\/v2\/media?parent=314"}],"wp:term":[{"taxonomy":"product_brand","embeddable":true,"href":"https:\/\/hectic-studio.com\/en\/wp-json\/wp\/v2\/product_brand?post=314"},{"taxonomy":"product_cat","embeddable":true,"href":"https:\/\/hectic-studio.com\/en\/wp-json\/wp\/v2\/product_cat?post=314"},{"taxonomy":"product_tag","embeddable":true,"href":"https:\/\/hectic-studio.com\/en\/wp-json\/wp\/v2\/product_tag?post=314"}],"curies":[{"name":"wp","href":"https:\/\/api.w.org\/{rel}","templated":true}]}}