{"id":526,"date":"2025-05-14T21:25:08","date_gmt":"2025-05-14T21:25:08","guid":{"rendered":"https:\/\/hectic-studio.com\/shop\/unkategorisiert\/sarasvati-india-oversized-t-shirt-heavy-oversized-organic-shirt\/"},"modified":"2026-03-04T12:10:38","modified_gmt":"2026-03-04T12:10:38","slug":"sarasvati-india-oversized-t-shirt-heavy-oversized-organic-shirt","status":"publish","type":"product","link":"https:\/\/hectic-studio.com\/en\/shop\/oversized-shirts\/cover\/sarasvati-india-oversized-t-shirt-heavy-oversized-organic-shirt\/","title":{"rendered":"Sarasvati India &#8211; Oversized T-Shirt &#8211; Heavy Oversized Organic\u00a0Shirt"},"content":{"rendered":"<p>Sarasvati &#8211; Indien &#8211; ca. 1885-95<\/p>\n<p>Sarasvati h\u00e4lt eine Vina und einen Stapel B\u00fccher, wie es ihrer Rolle als G\u00f6ttin der Musik und des Lernens entspricht. Dieses Bild wurde als Werbemittel hergestellt &#8211; in diesem Fall f\u00fcr das Ayurveda-Gesch\u00e4ft von Kaviraj Binod Lal Sen, einem Anbieter von Haar\u00f6l und Tonika gegen Lethargie und andere Beschwerden.<\/p>\n<p>Sarasvati is shown holding a vina and a stack of books as befits her role as a goddess of music and learning (cognition). This image was produced as an advertisement\u2014 in this instance for the Ayurveda medical store of Kaviraj Binod Lal Sen, purveyors of hair oil and tonics for lethargy and other ailments.<\/p>\n<ul>\n<li>Material: 100 % Baumwolle (Bio-Qualit\u00e4t, ringgesponnen, gek\u00e4mmt)<\/li>\n<li>Grammatur: 240 g\/m\u00b2<\/li>\n<li>Schnitt: Oversize Passform<\/li>\n<li>Eingesetzte \u00c4rmel (Set in)<\/li>\n<li>1&#215;1 Halsausschnitt<\/li>\n<li>Abgesetztes Nackenband<\/li>\n<li>Breite Doppelabsteppung an \u00c4rmelenden und am unteren Saum<\/li>\n<li>Etwas rauerer Stoff<\/li>\n<\/ul>\n<p><img decoding=\"async\" src=\"https:\/\/s3-eu-west-1.amazonaws.com\/printassets\/sizecharts\/size_chart_heavy_oversized_organic_shirt-167-de.svg\" \/><\/p>","protected":false},"excerpt":{"rendered":"<p>Sarasvati &#8211; Indien &#8211; ca. 1885-95 Sarasvati h\u00e4lt eine Vina und einen Stapel B\u00fccher, wie es ihrer Rolle als G\u00f6ttin der Musik und des Lernens entspricht. Dieses Bild wurde als Werbemittel hergestellt &#8211; in diesem Fall f\u00fcr das Ayurveda-Gesch\u00e4ft von Kaviraj Binod Lal Sen, einem Anbieter von Haar\u00f6l und Tonika gegen Lethargie und andere Beschwerden. [&hellip;]<\/p>\n","protected":false},"featured_media":1339,"comment_status":"open","ping_status":"closed","template":"","meta":[],"product_brand":[],"product_cat":[65,59],"product_tag":[75,73,76,74],"class_list":{"0":"post-526","1":"product","2":"type-product","3":"status-publish","4":"has-post-thumbnail","6":"product_cat-cover","7":"product_cat-oversized-shirts","8":"product_tag-indien-style","9":"product_tag-oversized-t-shirt","10":"product_tag-retro-design-shirt","11":"product_tag-sarasvati-india","13":"first","14":"instock","15":"taxable","16":"shipping-taxable","17":"purchasable","18":"product-type-variable"},"_links":{"self":[{"href":"https:\/\/hectic-studio.com\/en\/wp-json\/wp\/v2\/product\/526","targetHints":{"allow":["GET"]}}],"collection":[{"href":"https:\/\/hectic-studio.com\/en\/wp-json\/wp\/v2\/product"}],"about":[{"href":"https:\/\/hectic-studio.com\/en\/wp-json\/wp\/v2\/types\/product"}],"replies":[{"embeddable":true,"href":"https:\/\/hectic-studio.com\/en\/wp-json\/wp\/v2\/comments?post=526"}],"wp:featuredmedia":[{"embeddable":true,"href":"https:\/\/hectic-studio.com\/en\/wp-json\/wp\/v2\/media\/1339"}],"wp:attachment":[{"href":"https:\/\/hectic-studio.com\/en\/wp-json\/wp\/v2\/media?parent=526"}],"wp:term":[{"taxonomy":"product_brand","embeddable":true,"href":"https:\/\/hectic-studio.com\/en\/wp-json\/wp\/v2\/product_brand?post=526"},{"taxonomy":"product_cat","embeddable":true,"href":"https:\/\/hectic-studio.com\/en\/wp-json\/wp\/v2\/product_cat?post=526"},{"taxonomy":"product_tag","embeddable":true,"href":"https:\/\/hectic-studio.com\/en\/wp-json\/wp\/v2\/product_tag?post=526"}],"curies":[{"name":"wp","href":"https:\/\/api.w.org\/{rel}","templated":true}]}}