{"id":599,"date":"2025-05-14T21:28:34","date_gmt":"2025-05-14T21:28:34","guid":{"rendered":"https:\/\/hectic-studio.com\/shop\/unkategorisiert\/japanese-actors-oversized-t-shirt-heavy-oversized-organic-shirt\/"},"modified":"2026-03-04T12:28:15","modified_gmt":"2026-03-04T12:28:15","slug":"japanese-actors-oversized-t-shirt-heavy-oversized-organic-shirt","status":"publish","type":"product","link":"https:\/\/hectic-studio.com\/en\/shop\/oversized-shirts\/japan-shirts\/japanese-actors-oversized-t-shirt-heavy-oversized-organic-shirt\/","title":{"rendered":"Japanese Actors &#8211; Oversized T-Shirt &#8211; Heavy Oversized Organic\u00a0Shirt"},"content":{"rendered":"<p>Die Schauspieler Mimasu Daigor\u014d IV als Umako Daijin (rechts), Ichikawa Ebiz\u014d V als Umaya Daijin (Mitte) und Jitsukawa Ensabur\u014d als Prinz Sh\u014dtoku (links).<\/p>\n<p>Das St\u00fcck, das dieses Triptychon inspirierte, basiert lose auf historischen Ereignissen, die sich w\u00e4hrend des Machtkampfes zwischen zwei H\u00f6flingen nach dem Tod von Kaiser Y\u014dmei im Jahr 587 n. Chr. abspielten.<\/p>\n<p>The Actors Mimasu Daigor\u014d IV as Umako Daijin (right), Ichikawa Ebiz\u014d V as Umaya Daijin (center), and Jitsukawa Ensabur\u014d as Prince Sh\u014dtoku (left).<\/p>\n<p>The play that inspired this triptych is loosely based on historical events that unfolded during the power struggle between two courtiers after the death of Emperor Y\u014dmei in A.D. 587.<\/p>\n<ul>\n<li>Material: 100 % Baumwolle (Bio-Qualit\u00e4t, ringgesponnen, gek\u00e4mmt)<\/li>\n<li>Grammatur: 240 g\/m\u00b2<\/li>\n<li>Schnitt: Oversize Passform<\/li>\n<li>Eingesetzte \u00c4rmel (Set in)<\/li>\n<li>1&#215;1 Halsausschnitt<\/li>\n<li>Abgesetztes Nackenband<\/li>\n<li>Breite Doppelabsteppung an \u00c4rmelenden und am unteren Saum<\/li>\n<li>Etwas rauerer Stoff<\/li>\n<\/ul>\n<p><img decoding=\"async\" src=\"https:\/\/s3-eu-west-1.amazonaws.com\/printassets\/sizecharts\/size_chart_heavy_oversized_organic_shirt-167-de.svg\" \/><\/p>","protected":false},"excerpt":{"rendered":"<p>Die Schauspieler Mimasu Daigor\u014d IV als Umako Daijin (rechts), Ichikawa Ebiz\u014d V als Umaya Daijin (Mitte) und Jitsukawa Ensabur\u014d als Prinz Sh\u014dtoku (links). Das St\u00fcck, das dieses Triptychon inspirierte, basiert lose auf historischen Ereignissen, die sich w\u00e4hrend des Machtkampfes zwischen zwei H\u00f6flingen nach dem Tod von Kaiser Y\u014dmei im Jahr 587 n. Chr. abspielten. The [&hellip;]<\/p>\n","protected":false},"featured_media":1263,"comment_status":"open","ping_status":"closed","template":"","meta":[],"product_brand":[],"product_cat":[63,59],"product_tag":[69,66,67,68],"class_list":{"0":"post-599","1":"product","2":"type-product","3":"status-publish","4":"has-post-thumbnail","6":"product_cat-japan-shirts","7":"product_cat-oversized-shirts","8":"product_tag-japan-actors","9":"product_tag-oversized-shirt","10":"product_tag-retro-japan-shirt","11":"product_tag-tokyo-japan","13":"first","14":"instock","15":"taxable","16":"shipping-taxable","17":"purchasable","18":"product-type-variable"},"_links":{"self":[{"href":"https:\/\/hectic-studio.com\/en\/wp-json\/wp\/v2\/product\/599","targetHints":{"allow":["GET"]}}],"collection":[{"href":"https:\/\/hectic-studio.com\/en\/wp-json\/wp\/v2\/product"}],"about":[{"href":"https:\/\/hectic-studio.com\/en\/wp-json\/wp\/v2\/types\/product"}],"replies":[{"embeddable":true,"href":"https:\/\/hectic-studio.com\/en\/wp-json\/wp\/v2\/comments?post=599"}],"wp:featuredmedia":[{"embeddable":true,"href":"https:\/\/hectic-studio.com\/en\/wp-json\/wp\/v2\/media\/1263"}],"wp:attachment":[{"href":"https:\/\/hectic-studio.com\/en\/wp-json\/wp\/v2\/media?parent=599"}],"wp:term":[{"taxonomy":"product_brand","embeddable":true,"href":"https:\/\/hectic-studio.com\/en\/wp-json\/wp\/v2\/product_brand?post=599"},{"taxonomy":"product_cat","embeddable":true,"href":"https:\/\/hectic-studio.com\/en\/wp-json\/wp\/v2\/product_cat?post=599"},{"taxonomy":"product_tag","embeddable":true,"href":"https:\/\/hectic-studio.com\/en\/wp-json\/wp\/v2\/product_tag?post=599"}],"curies":[{"name":"wp","href":"https:\/\/api.w.org\/{rel}","templated":true}]}}