{"id":648,"date":"2025-05-21T20:43:54","date_gmt":"2025-05-21T20:43:54","guid":{"rendered":"https:\/\/hectic-studio.com\/shop\/unkategorisiert\/weekend-coffee-club-shirt-heavy-oversized-organic-shirt\/"},"modified":"2026-03-04T12:29:31","modified_gmt":"2026-03-04T12:29:31","slug":"weekend-coffee-club-shirt-heavy-oversized-organic-shirt","status":"publish","type":"product","link":"https:\/\/hectic-studio.com\/en\/shop\/oversized-shirts\/retro-shirts\/weekend-coffee-club-shirt-heavy-oversized-organic-shirt\/","title":{"rendered":"Weekend Coffee Club Shirt &#8211; Heavy Oversized Organic\u00a0Shirt"},"content":{"rendered":"<p>Weekend Coffee Club Oversized Shirt, Coffee Lover Club Shirt, perfektes Geschenk f\u00fcr die Freundin oder den Freund der nach Kaffee verr\u00fcckt ist.<\/p>\n<ul>\n<li>Material: 100 % Baumwolle (Bio-Qualit\u00e4t, ringgesponnen, gek\u00e4mmt)<\/li>\n<li>Grammatur: 240 g\/m\u00b2<\/li>\n<li>Schnitt: Oversize Passform<\/li>\n<li>Eingesetzte \u00c4rmel (Set in)<\/li>\n<li>1&#215;1 Halsausschnitt<\/li>\n<li>Abgesetztes Nackenband<\/li>\n<li>Breite Doppelabsteppung an \u00c4rmelenden und am unteren Saum<\/li>\n<li>Etwas rauerer Stoff<\/li>\n<\/ul>\n<p><img decoding=\"async\" src=\"https:\/\/s3-eu-west-1.amazonaws.com\/printassets\/sizecharts\/size_chart_heavy_oversized_organic_shirt-167-de.svg\" \/><\/p>","protected":false},"excerpt":{"rendered":"<p>Weekend Coffee Club Oversized Shirt, Coffee Lover Club Shirt, perfektes Geschenk f\u00fcr die Freundin oder den Freund der nach Kaffee verr\u00fcckt ist. Material: 100 % Baumwolle (Bio-Qualit\u00e4t, ringgesponnen, gek\u00e4mmt) Grammatur: 240 g\/m\u00b2 Schnitt: Oversize Passform Eingesetzte \u00c4rmel (Set in) 1&#215;1 Halsausschnitt Abgesetztes Nackenband Breite Doppelabsteppung an \u00c4rmelenden und am unteren Saum Etwas rauerer Stoff<\/p>","protected":false},"featured_media":1251,"comment_status":"open","ping_status":"closed","template":"","meta":[],"product_brand":[],"product_cat":[59,61],"product_tag":[122,119,120,66,87,123,121,118],"class_list":{"0":"post-648","1":"product","2":"type-product","3":"status-publish","4":"has-post-thumbnail","6":"product_cat-oversized-shirts","7":"product_cat-retro-shirts","8":"product_tag-all-day-every-day-coffee","9":"product_tag-espresso-lover","10":"product_tag-kaffe","11":"product_tag-oversized-shirt","12":"product_tag-retro-design","13":"product_tag-slow-morning-coffee","14":"product_tag-weekend-coffee","15":"product_tag-weekend-coffee-club","17":"first","18":"instock","19":"featured","20":"taxable","21":"shipping-taxable","22":"purchasable","23":"product-type-variable"},"_links":{"self":[{"href":"https:\/\/hectic-studio.com\/en\/wp-json\/wp\/v2\/product\/648","targetHints":{"allow":["GET"]}}],"collection":[{"href":"https:\/\/hectic-studio.com\/en\/wp-json\/wp\/v2\/product"}],"about":[{"href":"https:\/\/hectic-studio.com\/en\/wp-json\/wp\/v2\/types\/product"}],"replies":[{"embeddable":true,"href":"https:\/\/hectic-studio.com\/en\/wp-json\/wp\/v2\/comments?post=648"}],"wp:featuredmedia":[{"embeddable":true,"href":"https:\/\/hectic-studio.com\/en\/wp-json\/wp\/v2\/media\/1251"}],"wp:attachment":[{"href":"https:\/\/hectic-studio.com\/en\/wp-json\/wp\/v2\/media?parent=648"}],"wp:term":[{"taxonomy":"product_brand","embeddable":true,"href":"https:\/\/hectic-studio.com\/en\/wp-json\/wp\/v2\/product_brand?post=648"},{"taxonomy":"product_cat","embeddable":true,"href":"https:\/\/hectic-studio.com\/en\/wp-json\/wp\/v2\/product_cat?post=648"},{"taxonomy":"product_tag","embeddable":true,"href":"https:\/\/hectic-studio.com\/en\/wp-json\/wp\/v2\/product_tag?post=648"}],"curies":[{"name":"wp","href":"https:\/\/api.w.org\/{rel}","templated":true}]}}