{"id":800,"date":"2025-05-23T17:58:35","date_gmt":"2025-05-23T17:58:35","guid":{"rendered":"https:\/\/hectic-studio.com\/shop\/unkategorisiert\/good-boys-club-dog-shirt-heavy-oversized-organic-shirt-2\/"},"modified":"2026-03-04T11:36:27","modified_gmt":"2026-03-04T11:36:27","slug":"good-boys-club-dog-shirt-heavy-oversized-organic-shirt-2","status":"publish","type":"product","link":"https:\/\/hectic-studio.com\/en\/shop\/oversized-shirts\/animals-oversized-shirts\/good-boys-club-dog-shirt-heavy-oversized-organic-shirt-2\/","title":{"rendered":"Good Boys Club Dog Shirt &#8211; Heavy Oversized Organic\u00a0Shirt"},"content":{"rendered":"<p>Erleben Sie die Liebe und Loyalit\u00e4t der besten Freunde mit dem <strong>Good Boys Club Dog Shirt<\/strong>. Dieses Shirt vereint Komfort und Stil und feiert die ewige Bindung zwischen Mensch und Hund.<\/p>\n<p>&nbsp;<\/p>\n<h2>Design &amp; Farbe<\/h2>\n<p>Mit einem eleganten Hundemotiv in Wei\u00df strahlt das Shirt klassisches Flair aus. Der minimalistische, aber eindrucksvolle Stil spricht Hundeliebhaber an und setzt ein stilvolles Statement.<\/p>\n<p>&nbsp;<\/p>\n<h2>Material &amp; Qualit\u00e4t<\/h2>\n<p>Gefertigt aus 100 % Bio-Baumwolle, bietet das Shirt einen raueren Stoff f\u00fcr einen robusten Look. Die Oversize-Passform sorgt f\u00fcr ein l\u00e4ssiges Tragegef\u00fchl.<\/p>\n<p>&nbsp;<\/p>\n<ul>\n<li>Material: 100 % Baumwolle (Bio-Qualit\u00e4t, ringgesponnen, gek\u00e4mmt)<\/li>\n<li>Grammatur: 240 g\/m\u00b2<\/li>\n<li>Schnitt: Oversize Passform<\/li>\n<li>Breite Doppelabsteppung an \u00c4rmelenden und am unteren Saum<\/li>\n<\/ul>\n<p>&nbsp;<\/p>\n<p>Treffen Sie die richtige Wahl f\u00fcr Stil und Umwelt. <strong>Jetzt bestellen und Teil des Good Boys Clubs werden!<\/strong><\/p>\n<p><img decoding=\"async\" src=\"https:\/\/s3-eu-west-1.amazonaws.com\/printassets\/sizecharts\/size_chart_heavy_oversized_organic_shirt-167-de.svg\" \/><\/p>","protected":false},"excerpt":{"rendered":"<p>Erleben Sie die Liebe und Loyalit\u00e4t der besten Freunde mit dem Good Boys Club Dog Shirt. Dieses Shirt vereint Komfort und Stil und feiert die ewige Bindung zwischen Mensch und Hund. &nbsp; Design &amp; Farbe Mit einem eleganten Hundemotiv in Wei\u00df strahlt das Shirt klassisches Flair aus. Der minimalistische, aber eindrucksvolle Stil spricht Hundeliebhaber an [&hellip;]<\/p>\n","protected":false},"featured_media":1850,"comment_status":"closed","ping_status":"closed","template":"","meta":[],"product_brand":[],"product_cat":[126,59],"product_tag":[127,134,130,128,131,133,132,73,129],"class_list":{"0":"post-800","1":"product","2":"type-product","3":"status-publish","4":"has-post-thumbnail","6":"product_cat-animals-oversized-shirts","7":"product_cat-oversized-shirts","8":"product_tag-barsoi","9":"product_tag-borzoi-dog-shirt","10":"product_tag-dog-shirts","11":"product_tag-greyhound","12":"product_tag-let-me-do-it-for-you","13":"product_tag-long-dog-meme","14":"product_tag-meme-dog","15":"product_tag-oversized-t-shirt","16":"product_tag-windhund","18":"first","19":"instock","20":"taxable","21":"shipping-taxable","22":"purchasable","23":"product-type-variable"},"_links":{"self":[{"href":"https:\/\/hectic-studio.com\/en\/wp-json\/wp\/v2\/product\/800","targetHints":{"allow":["GET"]}}],"collection":[{"href":"https:\/\/hectic-studio.com\/en\/wp-json\/wp\/v2\/product"}],"about":[{"href":"https:\/\/hectic-studio.com\/en\/wp-json\/wp\/v2\/types\/product"}],"replies":[{"embeddable":true,"href":"https:\/\/hectic-studio.com\/en\/wp-json\/wp\/v2\/comments?post=800"}],"wp:featuredmedia":[{"embeddable":true,"href":"https:\/\/hectic-studio.com\/en\/wp-json\/wp\/v2\/media\/1850"}],"wp:attachment":[{"href":"https:\/\/hectic-studio.com\/en\/wp-json\/wp\/v2\/media?parent=800"}],"wp:term":[{"taxonomy":"product_brand","embeddable":true,"href":"https:\/\/hectic-studio.com\/en\/wp-json\/wp\/v2\/product_brand?post=800"},{"taxonomy":"product_cat","embeddable":true,"href":"https:\/\/hectic-studio.com\/en\/wp-json\/wp\/v2\/product_cat?post=800"},{"taxonomy":"product_tag","embeddable":true,"href":"https:\/\/hectic-studio.com\/en\/wp-json\/wp\/v2\/product_tag?post=800"}],"curies":[{"name":"wp","href":"https:\/\/api.w.org\/{rel}","templated":true}]}}