{"id":986,"date":"2026-01-21T23:06:21","date_gmt":"2026-01-21T23:06:21","guid":{"rendered":"https:\/\/hectic-studio.com\/shop\/unkategorisiert\/hectic-studio-typografie-hoodie-oversized-fluffy-boxcut-hoodie\/"},"modified":"2026-03-12T11:20:10","modified_gmt":"2026-03-12T11:20:10","slug":"hectic-studio-typografie-hoodie-oversized-fluffy-boxcut-hoodie","status":"publish","type":"product","link":"https:\/\/hectic-studio.com\/en\/shop\/hoodies\/hectic-studio-typografie-hoodie-oversized-fluffy-boxcut-hoodie\/","title":{"rendered":"Hectic Studio Typografie Hoodie Oversized &#8211; Fluffy Boxcut Hoodie"},"content":{"rendered":"<p>Erleben Sie den Komfort und Stil des <strong>Hectic Studio Typografie Hoodie Oversized<\/strong> \u2013 Ihre neue Lieblingswahl f\u00fcr urbane Eleganz. Dieses Hoodie vereint moderne Kunst mit einem Gef\u00fchl von Geborgenheit, das Sie den ganzen Tag begleiten wird.<\/p>\n<p>&nbsp;<\/p>\n<h2>Einzigartiges Design<\/h2>\n<p>Mit einer <em>Linolschnitt Grafik<\/em> und einer mutigen <strong>Typografie<\/strong> im Backprint ist dieses Hoodie ein Ausdruck von Kreativit\u00e4t und Individualit\u00e4t.<\/p>\n<p>&nbsp;<\/p>\n<h2>Farbkomposition<\/h2>\n<p>Die harmonische Kombination aus neutralen und subtilen Akzentfarben schafft eine beruhigende, aber dennoch ansprechende \u00c4sthetik.<\/p>\n<p>&nbsp;<\/p>\n<h2>Besonderheiten<\/h2>\n<ul>\n<li>Material: 70% Baumwolle \/ 30% Polyester<\/li>\n<li>Grammatur: 330 g\/m\u00b2<\/li>\n<li>Schnitt: Oversize Fit (Weite Passform)<\/li>\n<li>\u00dcberschnittene Schultern<\/li>\n<li>Aufgesetzte K\u00e4ngurutasche<\/li>\n<li>Ripp-B\u00fcndchen an Saum- und \u00c4rmelsaum<\/li>\n<li>Hinweis: F\u00e4llt klein aus \u2013 ggf. gr\u00f6\u00dfer bestellen<\/li>\n<\/ul>\n<p>&nbsp;<\/p>\n<h2>Perfekte Passform<\/h2>\n<p>Die <strong>Oversize Passform<\/strong> mit \u00fcberschnittenen Schultern bietet ein l\u00e4ssiges Tragegef\u00fchl, w\u00e4hrend die K\u00e4ngurutasche praktisch und stilvoll ist.<\/p>\n<p>&nbsp;<\/p>\n<h2>Jetzt Entdecken<\/h2>\n<p>G\u00f6nnen Sie sich dieses einzigartige St\u00fcck und erleben Sie, wie es Ihre Garderobe bereichert. <strong>Bestellen Sie noch heute!<\/strong><\/p>\n<p><img decoding=\"async\" src=\"https:\/\/s3-eu-west-1.amazonaws.com\/printassets\/sizecharts\/size_chart_fluffy-boxcut-hoodie-449-de.svg\" \/><\/p>","protected":false},"excerpt":{"rendered":"<p>Erleben Sie den Komfort und Stil des Hectic Studio Typografie Hoodie Oversized \u2013 Ihre neue Lieblingswahl f\u00fcr urbane Eleganz. Dieses Hoodie vereint moderne Kunst mit einem Gef\u00fchl von Geborgenheit, das Sie den ganzen Tag begleiten wird. &nbsp; Einzigartiges Design Mit einer Linolschnitt Grafik und einer mutigen Typografie im Backprint ist dieses Hoodie ein Ausdruck von [&hellip;]<\/p>\n","protected":false},"featured_media":1108,"comment_status":"open","ping_status":"closed","template":"","meta":[],"product_brand":[],"product_cat":[60],"product_tag":[162,161,154,155],"class_list":{"0":"post-986","1":"product","2":"type-product","3":"status-publish","4":"has-post-thumbnail","6":"product_cat-hoodies","7":"product_tag-backprint","8":"product_tag-box-cut-hoodie","9":"product_tag-oversized","10":"product_tag-typo","11":"product_shipping_class-hoodies-versandklasse","13":"first","14":"instock","15":"taxable","16":"shipping-taxable","17":"purchasable","18":"product-type-variable"},"_links":{"self":[{"href":"https:\/\/hectic-studio.com\/en\/wp-json\/wp\/v2\/product\/986","targetHints":{"allow":["GET"]}}],"collection":[{"href":"https:\/\/hectic-studio.com\/en\/wp-json\/wp\/v2\/product"}],"about":[{"href":"https:\/\/hectic-studio.com\/en\/wp-json\/wp\/v2\/types\/product"}],"replies":[{"embeddable":true,"href":"https:\/\/hectic-studio.com\/en\/wp-json\/wp\/v2\/comments?post=986"}],"wp:featuredmedia":[{"embeddable":true,"href":"https:\/\/hectic-studio.com\/en\/wp-json\/wp\/v2\/media\/1108"}],"wp:attachment":[{"href":"https:\/\/hectic-studio.com\/en\/wp-json\/wp\/v2\/media?parent=986"}],"wp:term":[{"taxonomy":"product_brand","embeddable":true,"href":"https:\/\/hectic-studio.com\/en\/wp-json\/wp\/v2\/product_brand?post=986"},{"taxonomy":"product_cat","embeddable":true,"href":"https:\/\/hectic-studio.com\/en\/wp-json\/wp\/v2\/product_cat?post=986"},{"taxonomy":"product_tag","embeddable":true,"href":"https:\/\/hectic-studio.com\/en\/wp-json\/wp\/v2\/product_tag?post=986"}],"curies":[{"name":"wp","href":"https:\/\/api.w.org\/{rel}","templated":true}]}}